{"id":398,"date":"2020-03-15T01:22:35","date_gmt":"2020-03-15T01:22:35","guid":{"rendered":"https:\/\/fif.pl\/index.php\/about\/"},"modified":"2021-10-26T13:16:17","modified_gmt":"2021-10-26T13:16:17","slug":"o-mnie","status":"publish","type":"page","link":"https:\/\/fif.pl\/index.php\/o-mnie\/","title":{"rendered":"O Mnie"},"content":{"rendered":"\t\t<div data-elementor-type=\"wp-page\" data-elementor-id=\"398\" class=\"elementor elementor-398\" data-elementor-post-type=\"page\">\n\t\t\t\t\t\t<section class=\"elementor-section elementor-top-section elementor-element elementor-element-1d27292 elementor-section-content-middle elementor-section-boxed elementor-section-height-default elementor-section-height-default\" data-id=\"1d27292\" data-element_type=\"section\">\n\t\t\t\t\t\t<div class=\"elementor-container elementor-column-gap-no\">\n\t\t\t\t\t<div class=\"aux-parallax-section elementor-column elementor-col-50 elementor-top-column elementor-element elementor-element-6a3caf9\" data-id=\"6a3caf9\" data-element_type=\"column\">\n\t\t\t<div class=\"elementor-widget-wrap elementor-element-populated\">\n\t\t\t\t\t\t<div class=\"elementor-element elementor-element-ea84c73 aux-appear-watch-animation aux-fade-in-right-2 elementor-widget elementor-widget-aux_modern_heading\" data-id=\"ea84c73\" data-element_type=\"widget\" data-widget_type=\"aux_modern_heading.default\">\n\t\t\t\t<div class=\"elementor-widget-container\">\n\t\t\t\t\t<section class=\"aux-widget-modern-heading\">\n            <div class=\"aux-widget-inner\"><h2 class=\"aux-modern-heading-primary\">O Mnie<\/h2><div class=\"aux-modern-heading-description\"><p>Witam z tej strony Przemys\u0142aw Mielecki.<\/p><p>Moj\u0105 15 letni\u0105 karier\u0119, jak wielu projektant\u00f3w zaczyna\u0142em jako freelancer od wsp\u00f3\u0142pracy z agencj\u0105 reklamow\u0105 <strong>ILF.pl<\/strong>. Do moich zada\u0144 nale\u017ca\u0142o: archiwizacja\/konwersja dokument\u00f3w do wersji cyfrowej, prace graficzne przy u\u017cyciu photoshopa, Ilustratora oraz flasha.<\/p><p>Nast\u0119pnie za\u0142oz\u0142em w\u0142asn\u0105 mark\u0119 jako <strong>FIF.pl<\/strong>. oraz wsp\u00f3\u0142prac\u0119 z brytyjskim <strong>SDART.co.uk.\u00a0 \u00a0 \u00a0 \u00a0 <\/strong><\/p><p>W tym czasie wykonywa\u0142em bardzo r\u00f3\u017cne prace: retusz zdj\u0119\u0107 dla sklep\u00f3w internetowych, ikony do stron\/sklep\u00f3w www, strony przy u\u017cyciu flash, e-lerning, prezentacje multimedialne, <br \/>identyfikacje wizualne marki, przer\u00f3\u017cne animacje, topy\/banery www, reklamy o r\u00f3\u017cnych formatach na potrzeby <strong>VISA<\/strong>, wyklejenia autobus\u00f3w, plakaty, wizyt\u00f3wki itp.<\/p><p>Zaraz potem, zosta\u0142em zatrudniony na etacie jako grafik internetowy w \"<strong>MEDIA REGIONALNE\"<\/strong>. Do moich zada\u0144 nale\u017ca\u0142o: wsp\u00f3\u0142praca z dzia\u0142em marketingu i reklamy Nowej Trybuny Opolskiej, projektowanie animowanych\/statycznych reklam (flash, animate, photoshop, after effect) na potrzeby serwis\u00f3w \"<strong>MR<\/strong>\", infografik wewn\u0119trznych firmy, gry konkursowe u\u017cyte w du\u017cych kampaniach reklamowych sp\u00f3\u0142ki, identyfikacji wizualnych w ramach konkurs\u00f3w, plebiscyt\u00f3w, loterii itp..<\/p><p>Nast\u0119pnie w <strong>Polska Press<\/strong> by\u0142em odpowiedzialny za kreacje animowane na potrzeby serwis\u00f3w internetowych grupy medialnej. Trzeba zaliczy\u0107 do nich wszelkiego rodzaju formy reklamowe jak: bilboardy, screeningi, top layery, rectangle, boxy itd., logotypy, mailingi. Do moich zada\u0144 nale\u017ca\u0142o r\u00f3wnie\u017c projektowanie grafiki, film\u00f3w zamieszczanych na portalach spo\u0142eczno\u015bciowych Facebook, Instagram, You tube. Bardzo cz\u0119sto tworzy\u0142em animowane kampanie Google Ads.<\/p><p>Po powrocie do w\u0142asnego brandu \"<strong>FIF<\/strong>\", skupi\u0142em si\u0119 na projektowaniu stron opartych na Word pressie.<br \/>Po przez wsp\u00f3\u0142prac\u0119 z <strong>24opole<\/strong>, zdoby\u0142em do\u015bwiadczenie w zakresie projektowania zorientowanego na u\u017cytkownika.<\/p><p>Do\u015bwiadczenie zdobyte na wielu p\u0142aszczyznach, pozwala zaoferowa\u0107 Pa\u0144stwu szereg us\u0142ug na odpowiednim poziomie.<\/p><\/div><\/div>\n        <\/section>\t\t\t\t<\/div>\n\t\t\t\t<\/div>\n\t\t\t\t\t<\/div>\n\t\t<\/div>\n\t\t\t\t<div class=\"aux-parallax-section elementor-column elementor-col-50 elementor-top-column elementor-element elementor-element-dd0926c\" data-id=\"dd0926c\" data-element_type=\"column\">\n\t\t\t<div class=\"elementor-widget-wrap elementor-element-populated\">\n\t\t\t\t\t\t<div class=\"elementor-element elementor-element-567329b aux-appear-watch-animation aux-scale-down elementor-widget elementor-widget-aux_image\" data-id=\"567329b\" data-element_type=\"widget\" data-widget_type=\"aux_image.default\">\n\t\t\t\t<div class=\"elementor-widget-container\">\n\t\t\t\t\t<section class=\"widget-container aux-widget-image aux-alignnone aux-parent-audf73f7f8\">\n    <div class=\"aux-media-hint-frame \">\n        <div class=\"aux-media-image \" >\n        \n            \n\n            \n            <img fetchpriority=\"high\" decoding=\"async\" width=\"626\" height=\"546\" src=\"https:\/\/fif.pl\/wp-content\/uploads\/2020\/05\/topik_11.png\" class=\"aux-attachment aux-featured-image aux-attachment-id-659\" alt=\"topik_11\" data-ratio=\"1.15\" data-original-w=\"626\" \/>            \n                <\/div>\n    <\/div>\n\n<\/section><!-- widget-container -->\t\t\t\t<\/div>\n\t\t\t\t<\/div>\n\t\t\t\t<section class=\"elementor-section elementor-inner-section elementor-element elementor-element-2fd55d3 elementor-section-height-min-height elementor-section-content-middle elementor-section-boxed elementor-section-height-default\" data-id=\"2fd55d3\" data-element_type=\"section\" data-settings=\"{&quot;background_background&quot;:&quot;classic&quot;}\">\n\t\t\t\t\t\t<div class=\"elementor-container elementor-column-gap-no\">\n\t\t\t\t\t<div class=\"aux-parallax-section elementor-column elementor-col-25 elementor-inner-column elementor-element elementor-element-608559d\" data-id=\"608559d\" data-element_type=\"column\" data-settings=\"{&quot;background_background&quot;:&quot;classic&quot;}\">\n\t\t\t<div class=\"elementor-widget-wrap elementor-element-populated\">\n\t\t\t\t\t\t<div class=\"elementor-element elementor-element-5056411 elementor-widget__width-auto elementor-widget-mobile__width-inherit aux-appear-watch-animation aux-fade-in-right elementor-widget elementor-widget-counter\" data-id=\"5056411\" data-element_type=\"widget\" data-widget_type=\"counter.default\">\n\t\t\t\t<div class=\"elementor-widget-container\">\n\t\t\t\t\t\t\t<div class=\"elementor-counter\">\n\t\t\t<div class=\"elementor-counter-title\">Klienci<\/div>\t\t\t<div class=\"elementor-counter-number-wrapper\">\n\t\t\t\t<span class=\"elementor-counter-number-prefix\"><\/span>\n\t\t\t\t<span class=\"elementor-counter-number\" data-duration=\"1400\" data-to-value=\"60\" data-from-value=\"0\" data-delimiter=\",\">0<\/span>\n\t\t\t\t<span class=\"elementor-counter-number-suffix\"><\/span>\n\t\t\t<\/div>\n\t\t<\/div>\n\t\t\t\t\t\t<\/div>\n\t\t\t\t<\/div>\n\t\t\t\t\t<\/div>\n\t\t<\/div>\n\t\t\t\t<div class=\"aux-parallax-section elementor-column elementor-col-25 elementor-inner-column elementor-element elementor-element-7ae0e28\" data-id=\"7ae0e28\" data-element_type=\"column\" data-settings=\"{&quot;background_background&quot;:&quot;classic&quot;}\">\n\t\t\t<div class=\"elementor-widget-wrap elementor-element-populated\">\n\t\t\t\t\t\t<div class=\"elementor-element elementor-element-e4d05b3 elementor-widget__width-auto elementor-widget-mobile__width-inherit aux-appear-watch-animation aux-fade-in-right elementor-widget elementor-widget-counter\" data-id=\"e4d05b3\" data-element_type=\"widget\" data-widget_type=\"counter.default\">\n\t\t\t\t<div class=\"elementor-widget-container\">\n\t\t\t\t\t\t\t<div class=\"elementor-counter\">\n\t\t\t<div class=\"elementor-counter-title\">Produkty<\/div>\t\t\t<div class=\"elementor-counter-number-wrapper\">\n\t\t\t\t<span class=\"elementor-counter-number-prefix\"><\/span>\n\t\t\t\t<span class=\"elementor-counter-number\" data-duration=\"1400\" data-to-value=\"624\" data-from-value=\"0\" data-delimiter=\",\">0<\/span>\n\t\t\t\t<span class=\"elementor-counter-number-suffix\"><\/span>\n\t\t\t<\/div>\n\t\t<\/div>\n\t\t\t\t\t\t<\/div>\n\t\t\t\t<\/div>\n\t\t\t\t\t<\/div>\n\t\t<\/div>\n\t\t\t\t<div class=\"aux-parallax-section elementor-column elementor-col-25 elementor-inner-column elementor-element elementor-element-8c8ee0e\" data-id=\"8c8ee0e\" data-element_type=\"column\" data-settings=\"{&quot;background_background&quot;:&quot;classic&quot;}\">\n\t\t\t<div class=\"elementor-widget-wrap elementor-element-populated\">\n\t\t\t\t\t\t<div class=\"elementor-element elementor-element-b7beed9 elementor-widget__width-auto elementor-widget-mobile__width-inherit aux-appear-watch-animation aux-fade-in-right elementor-widget elementor-widget-counter\" data-id=\"b7beed9\" data-element_type=\"widget\" data-widget_type=\"counter.default\">\n\t\t\t\t<div class=\"elementor-widget-container\">\n\t\t\t\t\t\t\t<div class=\"elementor-counter\">\n\t\t\t<div class=\"elementor-counter-title\">WWW<\/div>\t\t\t<div class=\"elementor-counter-number-wrapper\">\n\t\t\t\t<span class=\"elementor-counter-number-prefix\"><\/span>\n\t\t\t\t<span class=\"elementor-counter-number\" data-duration=\"1400\" data-to-value=\"37\" data-from-value=\"0\" data-delimiter=\",\">0<\/span>\n\t\t\t\t<span class=\"elementor-counter-number-suffix\"><\/span>\n\t\t\t<\/div>\n\t\t<\/div>\n\t\t\t\t\t\t<\/div>\n\t\t\t\t<\/div>\n\t\t\t\t\t<\/div>\n\t\t<\/div>\n\t\t\t\t<div class=\"aux-parallax-section elementor-column elementor-col-25 elementor-inner-column elementor-element elementor-element-34ff370\" data-id=\"34ff370\" data-element_type=\"column\" data-settings=\"{&quot;background_background&quot;:&quot;classic&quot;}\">\n\t\t\t<div class=\"elementor-widget-wrap elementor-element-populated\">\n\t\t\t\t\t\t<div class=\"elementor-element elementor-element-799239d elementor-widget__width-auto elementor-widget-mobile__width-inherit aux-appear-watch-animation aux-fade-in-right elementor-widget elementor-widget-counter\" data-id=\"799239d\" data-element_type=\"widget\" data-widget_type=\"counter.default\">\n\t\t\t\t<div class=\"elementor-widget-container\">\n\t\t\t\t\t\t\t<div class=\"elementor-counter\">\n\t\t\t<div class=\"elementor-counter-title\">Statysfakcja<\/div>\t\t\t<div class=\"elementor-counter-number-wrapper\">\n\t\t\t\t<span class=\"elementor-counter-number-prefix\"><\/span>\n\t\t\t\t<span class=\"elementor-counter-number\" data-duration=\"1400\" data-to-value=\"60\" data-from-value=\"0\" data-delimiter=\",\">0<\/span>\n\t\t\t\t<span class=\"elementor-counter-number-suffix\"><\/span>\n\t\t\t<\/div>\n\t\t<\/div>\n\t\t\t\t\t\t<\/div>\n\t\t\t\t<\/div>\n\t\t\t\t\t<\/div>\n\t\t<\/div>\n\t\t\t\t\t<\/div>\n\t\t<\/section>\n\t\t\t\t\t<\/div>\n\t\t<\/div>\n\t\t\t\t\t<\/div>\n\t\t<\/section>\n\t\t\t\t<section class=\"elementor-section elementor-top-section elementor-element elementor-element-0a86088 elementor-section-boxed elementor-section-height-default elementor-section-height-default\" data-id=\"0a86088\" data-element_type=\"section\">\n\t\t\t\t\t\t<div class=\"elementor-container elementor-column-gap-default\">\n\t\t\t\t\t<div class=\"aux-parallax-section elementor-column elementor-col-100 elementor-top-column elementor-element elementor-element-f788e10\" data-id=\"f788e10\" data-element_type=\"column\">\n\t\t\t<div class=\"elementor-widget-wrap elementor-element-populated\">\n\t\t\t\t\t\t\t<\/div>\n\t\t<\/div>\n\t\t\t\t\t<\/div>\n\t\t<\/section>\n\t\t\t\t<\/div>\n\t\t","protected":false},"excerpt":{"rendered":"<p>O Mnie Witam z tej strony Przemys\u0142aw Mielecki. Moj\u0105 15 letni\u0105 karier\u0119, jak wielu projektant\u00f3w zaczyna\u0142em jako freelancer od wsp\u00f3\u0142pracy z agencj\u0105 reklamow\u0105 ILF.pl. Do moich zada\u0144 nale\u017ca\u0142o: archiwizacja\/konwersja dokument\u00f3w do wersji cyfrowej, prace graficzne przy u\u017cyciu photoshopa, Ilustratora oraz flasha. Nast\u0119pnie za\u0142oz\u0142em w\u0142asn\u0105 mark\u0119 jako FIF.pl. oraz wsp\u00f3\u0142prac\u0119 z brytyjskim SDART.co.uk.\u00a0 \u00a0 \u00a0 \u00a0 [&hellip;]<\/p>\n","protected":false},"author":1,"featured_media":0,"parent":0,"menu_order":0,"comment_status":"closed","ping_status":"closed","template":"","meta":{"footnotes":""},"_links":{"self":[{"href":"https:\/\/fif.pl\/index.php\/wp-json\/wp\/v2\/pages\/398"}],"collection":[{"href":"https:\/\/fif.pl\/index.php\/wp-json\/wp\/v2\/pages"}],"about":[{"href":"https:\/\/fif.pl\/index.php\/wp-json\/wp\/v2\/types\/page"}],"author":[{"embeddable":true,"href":"https:\/\/fif.pl\/index.php\/wp-json\/wp\/v2\/users\/1"}],"replies":[{"embeddable":true,"href":"https:\/\/fif.pl\/index.php\/wp-json\/wp\/v2\/comments?post=398"}],"version-history":[{"count":44,"href":"https:\/\/fif.pl\/index.php\/wp-json\/wp\/v2\/pages\/398\/revisions"}],"predecessor-version":[{"id":1355,"href":"https:\/\/fif.pl\/index.php\/wp-json\/wp\/v2\/pages\/398\/revisions\/1355"}],"wp:attachment":[{"href":"https:\/\/fif.pl\/index.php\/wp-json\/wp\/v2\/media?parent=398"}],"curies":[{"name":"wp","href":"https:\/\/api.w.org\/{rel}","templated":true}]}}