{"id":401,"date":"2020-03-14T19:39:09","date_gmt":"2020-03-14T19:39:09","guid":{"rendered":"https:\/\/fif.pl\/index.php\/services\/"},"modified":"2021-07-21T13:56:38","modified_gmt":"2021-07-21T13:56:38","slug":"oferta","status":"publish","type":"page","link":"https:\/\/fif.pl\/index.php\/oferta\/","title":{"rendered":"Oferta"},"content":{"rendered":"\t\t<div data-elementor-type=\"wp-page\" data-elementor-id=\"401\" class=\"elementor elementor-401\" data-elementor-post-type=\"page\">\n\t\t\t\t\t\t<section class=\"elementor-section elementor-top-section elementor-element elementor-element-de89b61 elementor-section-content-middle elementor-section-boxed elementor-section-height-default elementor-section-height-default\" data-id=\"de89b61\" data-element_type=\"section\">\n\t\t\t\t\t\t<div class=\"elementor-container elementor-column-gap-no\">\n\t\t\t\t\t<div class=\"aux-parallax-section elementor-column elementor-col-50 elementor-top-column elementor-element elementor-element-48e65a7\" data-id=\"48e65a7\" data-element_type=\"column\">\n\t\t\t<div class=\"elementor-widget-wrap elementor-element-populated\">\n\t\t\t\t\t\t<div class=\"elementor-element elementor-element-80d7e82 aux-appear-watch-animation aux-fade-in-left-1 elementor-widget elementor-widget-aux_modern_heading\" data-id=\"80d7e82\" data-element_type=\"widget\" data-widget_type=\"aux_modern_heading.default\">\n\t\t\t\t<div class=\"elementor-widget-container\">\n\t\t\t\t\t<section class=\"aux-widget-modern-heading\">\n            <div class=\"aux-widget-inner\"><h2 class=\"aux-modern-heading-primary\">Oferta<\/h2><div class=\"aux-modern-heading-description\"><p>Wielokrotnie firmy borykaj\u0105 si\u0119 ze stagnacj\u0105, kt\u00f3ra parali\u017cuje dzia\u0142ania i ogranicza przychody. Cz\u0119sto w\u00f3wczas nale\u017cy zrewidowa\u0107 dotychczasowe dzia\u0142ania reklamowe (a mo\u017ce ich brak), lub zatrudni\u0107 agencj\u0119 reklamow\u0105 (generuje du\u017ce koszty), kt\u00f3ra ca\u0142ej sprawie przyjrzy si\u0119 z boku. Najlepszym rozwi\u0105zaniem jest zatrudnienie zewn\u0119trznego wsparcia marketingowego w postaci (g\u0142odnych projekt\u00f3w) freelancer\u00f3w. Jest to coraz bardziej popularne i nie ma si\u0119 temu co dziwi\u0107. Zebrane przez freelancer\u00f3w do\u015bwiadczenie do\u015b\u0107 szybko procentuje, dzi\u0119ki czemu stagnacja zostaje pr\u0119dko wype\u0142niona. Co istotne, freelancerzy cz\u0119sto posiadaj\u0105 do\u015bwiadczenie z wielu dziedzin: zaplecze graficzne, marketingowe.... Dzi\u0119ki temu potrafi\u0105 stworzy\u0107 \u015bwietn\u0105 kampani\u0119 promocyjn\u0105.\u00a0Dzisiejszy u\u017cytkownik internetu jest wr\u0119cz bombardowany tysi\u0105cami, podobnych do siebie komunikat\u00f3w. Aby pozyska\u0107 jego uwag\u0119 potrzeba przekazu szczeg\u00f3lnego, czyli takiego, kt\u00f3ry wyr\u00f3\u017cni mark\u0119 po\u015br\u00f3d tysi\u0119cy innych i sk\u0142oni do skorzystania z proponowanej oferty.<\/p><\/div><\/div>\n        <\/section>\t\t\t\t<\/div>\n\t\t\t\t<\/div>\n\t\t\t\t\t<\/div>\n\t\t<\/div>\n\t\t\t\t<div class=\"aux-parallax-section elementor-column elementor-col-50 elementor-top-column elementor-element elementor-element-fd09fbc\" data-id=\"fd09fbc\" data-element_type=\"column\">\n\t\t\t<div class=\"elementor-widget-wrap elementor-element-populated\">\n\t\t\t\t\t\t<div class=\"elementor-element elementor-element-0c2162d aux-appear-watch-animation aux-scale-up elementor-widget elementor-widget-aux_image\" data-id=\"0c2162d\" data-element_type=\"widget\" data-widget_type=\"aux_image.default\">\n\t\t\t\t<div class=\"elementor-widget-container\">\n\t\t\t\t\t<section class=\"widget-container aux-widget-image aux-alignnone aux-parent-au201076c1\">\n    <div class=\"aux-media-hint-frame \">\n        <div class=\"aux-media-image  aux-tilt-box\" >\n        \n            \n\n            \n            <img fetchpriority=\"high\" decoding=\"async\" width=\"1108\" height=\"525\" src=\"https:\/\/fif.pl\/wp-content\/uploads\/2020\/05\/topiki_5.png\" class=\"aux-attachment aux-featured-image aux-attachment-id-671\" alt=\"topiki_5\" data-ratio=\"2.11\" data-original-w=\"1108\" \/>            \n                <\/div>\n    <\/div>\n\n<\/section><!-- widget-container -->\t\t\t\t<\/div>\n\t\t\t\t<\/div>\n\t\t\t\t\t<\/div>\n\t\t<\/div>\n\t\t\t\t\t<\/div>\n\t\t<\/section>\n\t\t\t\t<section class=\"elementor-section elementor-top-section elementor-element elementor-element-d3c4b09 elementor-section-boxed elementor-section-height-default elementor-section-height-default\" data-id=\"d3c4b09\" data-element_type=\"section\" data-settings=\"{&quot;background_background&quot;:&quot;classic&quot;}\">\n\t\t\t\t\t\t<div class=\"elementor-container elementor-column-gap-no\">\n\t\t\t\t\t<div class=\"aux-parallax-section elementor-column elementor-col-100 elementor-top-column elementor-element elementor-element-de267ca\" data-id=\"de267ca\" data-element_type=\"column\">\n\t\t\t<div class=\"elementor-widget-wrap elementor-element-populated\">\n\t\t\t\t\t\t<div class=\"elementor-element elementor-element-9cf7edd elementor-absolute aux-appear-watch-animation aux-scale-down-2 elementor-widget elementor-widget-image\" data-id=\"9cf7edd\" data-element_type=\"widget\" data-settings=\"{&quot;_position&quot;:&quot;absolute&quot;}\" data-widget_type=\"image.default\">\n\t\t\t\t<div class=\"elementor-widget-container\">\n\t\t\t\t\t\t\t\t\t\t\t\t\t\t\t<img decoding=\"async\" width=\"150\" height=\"150\" src=\"https:\/\/fif.pl\/wp-content\/uploads\/2020\/05\/pointy_1.svg\" class=\"elementor-animation-buzz attachment-thumbnail size-thumbnail wp-image-673\" alt=\"\" srcset=\"https:\/\/fif.pl\/wp-content\/uploads\/\/2020\/05\/pointy_1.svg 150w, https:\/\/fif.pl\/wp-content\/uploads\/\/2020\/05\/pointy_1.svg 300w, https:\/\/fif.pl\/wp-content\/uploads\/\/2020\/05\/pointy_1.svg 768w, https:\/\/fif.pl\/wp-content\/uploads\/\/2020\/05\/pointy_1.svg 1024w, https:\/\/fif.pl\/wp-content\/uploads\/\/2020\/05\/pointy_1.svg 1536w, https:\/\/fif.pl\/wp-content\/uploads\/\/2020\/05\/pointy_1.svg 2048w, https:\/\/fif.pl\/wp-content\/uploads\/\/2020\/05\/pointy_1.svg 107w\" sizes=\"(max-width: 150px) 100vw, 150px\" \/>\t\t\t\t\t\t\t\t\t\t\t\t\t\t\t<\/div>\n\t\t\t\t<\/div>\n\t\t\t\t<div class=\"elementor-element elementor-element-dc350ba aux-appear-watch-animation aux-fade-in-down elementor-widget elementor-widget-heading\" data-id=\"dc350ba\" data-element_type=\"widget\" data-widget_type=\"heading.default\">\n\t\t\t\t<div class=\"elementor-widget-container\">\n\t\t\t\t\t<h2 class=\"elementor-heading-title elementor-size-default\">Zakres Dzia\u0142ania<\/h2>\t\t\t\t<\/div>\n\t\t\t\t<\/div>\n\t\t\t\t<div class=\"elementor-element elementor-element-2deb12d elementor-widget elementor-widget-spacer\" data-id=\"2deb12d\" data-element_type=\"widget\" data-widget_type=\"spacer.default\">\n\t\t\t\t<div class=\"elementor-widget-container\">\n\t\t\t\t\t\t\t<div class=\"elementor-spacer\">\n\t\t\t<div class=\"elementor-spacer-inner\"><\/div>\n\t\t<\/div>\n\t\t\t\t\t\t<\/div>\n\t\t\t\t<\/div>\n\t\t\t\t<section class=\"elementor-section elementor-inner-section elementor-element elementor-element-2e427e8 elementor-section-boxed elementor-section-height-default elementor-section-height-default\" data-id=\"2e427e8\" data-element_type=\"section\">\n\t\t\t\t\t\t<div class=\"elementor-container elementor-column-gap-default\">\n\t\t\t\t\t<div class=\"aux-parallax-section elementor-column elementor-col-33 elementor-inner-column elementor-element elementor-element-65c373f\" data-id=\"65c373f\" data-element_type=\"column\">\n\t\t\t<div class=\"elementor-widget-wrap elementor-element-populated\">\n\t\t\t\t\t\t<div class=\"elementor-element elementor-element-aa2d3f5 elementor-position-left elementor-vertical-align-middle aux-appear-watch-animation aux-slide-from-top elementor-widget elementor-widget-image-box\" data-id=\"aa2d3f5\" data-element_type=\"widget\" data-widget_type=\"image-box.default\">\n\t\t\t\t<div class=\"elementor-widget-container\">\n\t\t\t\t\t<div class=\"elementor-image-box-wrapper\"><figure class=\"elementor-image-box-img\"><img decoding=\"async\" width=\"110\" height=\"110\" src=\"https:\/\/fif.pl\/wp-content\/uploads\/2020\/05\/ikony_web_7_2.png\" class=\"elementor-animation-buzz attachment-full size-full wp-image-727\" alt=\"\" \/><\/figure><div class=\"elementor-image-box-content\"><h3 class=\"elementor-image-box-title\">www<\/h3><\/div><\/div>\t\t\t\t<\/div>\n\t\t\t\t<\/div>\n\t\t\t\t<div class=\"elementor-element elementor-element-bd340ad aux-appear-watch-animation aux-fade-in-up elementor-widget elementor-widget-text-editor\" data-id=\"bd340ad\" data-element_type=\"widget\" data-widget_type=\"text-editor.default\">\n\t\t\t\t<div class=\"elementor-widget-container\">\n\t\t\t\t\t\t\t\t\t<p>Strony www<br \/>Sklepy internetowe<br \/>Portale i serwisy<br \/>Hosting, Domena, Poczta, SSL<br \/>Administracja i obs\u0142uga stron\u200b Google Ads, Pozycjonowanie<br \/>Wyb\u00f3r serwera<br \/>Badanie rynku wyszukiwarki<\/p>\t\t\t\t\t\t\t\t<\/div>\n\t\t\t\t<\/div>\n\t\t\t\t\t<\/div>\n\t\t<\/div>\n\t\t\t\t<div class=\"aux-parallax-section elementor-column elementor-col-33 elementor-inner-column elementor-element elementor-element-601eea5\" data-id=\"601eea5\" data-element_type=\"column\">\n\t\t\t<div class=\"elementor-widget-wrap elementor-element-populated\">\n\t\t\t\t\t\t<div class=\"elementor-element elementor-element-264ed15 elementor-position-left elementor-vertical-align-bottom aux-appear-watch-animation aux-slide-from-top elementor-widget elementor-widget-image-box\" data-id=\"264ed15\" data-element_type=\"widget\" data-widget_type=\"image-box.default\">\n\t\t\t\t<div class=\"elementor-widget-container\">\n\t\t\t\t\t<div class=\"elementor-image-box-wrapper\"><figure class=\"elementor-image-box-img\"><img loading=\"lazy\" decoding=\"async\" width=\"100\" height=\"100\" src=\"https:\/\/fif.pl\/wp-content\/uploads\/2020\/05\/ikony_web_6_2.png\" class=\"elementor-animation-buzz attachment-full size-full wp-image-725\" alt=\"\" \/><\/figure><div class=\"elementor-image-box-content\"><h3 class=\"elementor-image-box-title\">Design<\/h3><\/div><\/div>\t\t\t\t<\/div>\n\t\t\t\t<\/div>\n\t\t\t\t<div class=\"elementor-element elementor-element-371e8d4 aux-appear-watch-animation aux-fade-in-up elementor-widget elementor-widget-text-editor\" data-id=\"371e8d4\" data-element_type=\"widget\" data-widget_type=\"text-editor.default\">\n\t\t\t\t<div class=\"elementor-widget-container\">\n\t\t\t\t\t\t\t\t\t<p>System identyfikacji wizualnej<br \/>Reklama prasowa<br \/>Wizyt\u00f3wki<br \/>Billboardy i banery<br \/>Ulotki i plakaty<br \/>Projektowanie opakowa\u0144 <br \/>Ulotki, Katalogi<br \/>Papeteria firmowa<br \/><br \/><\/p>\t\t\t\t\t\t\t\t<\/div>\n\t\t\t\t<\/div>\n\t\t\t\t\t<\/div>\n\t\t<\/div>\n\t\t\t\t<div class=\"aux-parallax-section elementor-column elementor-col-33 elementor-inner-column elementor-element elementor-element-6bf0419\" data-id=\"6bf0419\" data-element_type=\"column\">\n\t\t\t<div class=\"elementor-widget-wrap elementor-element-populated\">\n\t\t\t\t\t\t<div class=\"elementor-element elementor-element-6172c1f elementor-position-left elementor-vertical-align-bottom aux-appear-watch-animation aux-slide-from-top elementor-widget elementor-widget-image-box\" data-id=\"6172c1f\" data-element_type=\"widget\" data-widget_type=\"image-box.default\">\n\t\t\t\t<div class=\"elementor-widget-container\">\n\t\t\t\t\t<div class=\"elementor-image-box-wrapper\"><figure class=\"elementor-image-box-img\"><img loading=\"lazy\" decoding=\"async\" width=\"100\" height=\"100\" src=\"https:\/\/fif.pl\/wp-content\/uploads\/2020\/05\/ikony_web_5_2.png\" class=\"elementor-animation-buzz attachment-full size-full wp-image-723\" alt=\"\" \/><\/figure><div class=\"elementor-image-box-content\"><h3 class=\"elementor-image-box-title\">Marketing<\/h3><\/div><\/div>\t\t\t\t<\/div>\n\t\t\t\t<\/div>\n\t\t\t\t<div class=\"elementor-element elementor-element-4677110 aux-appear-watch-animation aux-fade-in-up elementor-widget elementor-widget-text-editor\" data-id=\"4677110\" data-element_type=\"widget\" data-widget_type=\"text-editor.default\">\n\t\t\t\t<div class=\"elementor-widget-container\">\n\t\t\t\t\t\t\t\t\t<p>Kampanie e-marketingowe<br \/>Automatyzacja Marketingu<br \/>Content marketing\u200b<br \/>Google Ads<br \/>Pozycjonowanie<br \/>Strategia tre\u015bci i planowanie\u200b<\/p>\t\t\t\t\t\t\t\t<\/div>\n\t\t\t\t<\/div>\n\t\t\t\t\t<\/div>\n\t\t<\/div>\n\t\t\t\t\t<\/div>\n\t\t<\/section>\n\t\t\t\t<div class=\"elementor-element elementor-element-1d1413c elementor-widget elementor-widget-spacer\" data-id=\"1d1413c\" data-element_type=\"widget\" data-widget_type=\"spacer.default\">\n\t\t\t\t<div class=\"elementor-widget-container\">\n\t\t\t\t\t\t\t<div class=\"elementor-spacer\">\n\t\t\t<div class=\"elementor-spacer-inner\"><\/div>\n\t\t<\/div>\n\t\t\t\t\t\t<\/div>\n\t\t\t\t<\/div>\n\t\t\t\t<div class=\"elementor-element elementor-element-a955244 elementor-absolute aux-appear-watch-animation aux-scale-down-2 elementor-widget elementor-widget-image\" data-id=\"a955244\" data-element_type=\"widget\" data-settings=\"{&quot;_position&quot;:&quot;absolute&quot;}\" data-widget_type=\"image.default\">\n\t\t\t\t<div class=\"elementor-widget-container\">\n\t\t\t\t\t\t\t\t\t\t\t\t\t\t\t<img loading=\"lazy\" decoding=\"async\" width=\"300\" height=\"300\" src=\"https:\/\/fif.pl\/wp-content\/uploads\/2020\/05\/pointy_2.svg\" class=\"elementor-animation-pulse-shrink attachment-medium size-medium wp-image-676\" alt=\"\" srcset=\"https:\/\/fif.pl\/wp-content\/uploads\/\/2020\/05\/pointy_2.svg 150w, https:\/\/fif.pl\/wp-content\/uploads\/\/2020\/05\/pointy_2.svg 300w, https:\/\/fif.pl\/wp-content\/uploads\/\/2020\/05\/pointy_2.svg 768w, https:\/\/fif.pl\/wp-content\/uploads\/\/2020\/05\/pointy_2.svg 1024w, https:\/\/fif.pl\/wp-content\/uploads\/\/2020\/05\/pointy_2.svg 1536w, https:\/\/fif.pl\/wp-content\/uploads\/\/2020\/05\/pointy_2.svg 2048w\" sizes=\"(max-width: 300px) 100vw, 300px\" \/>\t\t\t\t\t\t\t\t\t\t\t\t\t\t\t<\/div>\n\t\t\t\t<\/div>\n\t\t\t\t\t<\/div>\n\t\t<\/div>\n\t\t\t\t\t<\/div>\n\t\t<\/section>\n\t\t\t\t<\/div>\n\t\t","protected":false},"excerpt":{"rendered":"<p>Oferta Wielokrotnie firmy borykaj\u0105 si\u0119 ze stagnacj\u0105, kt\u00f3ra parali\u017cuje dzia\u0142ania i ogranicza przychody. Cz\u0119sto w\u00f3wczas nale\u017cy zrewidowa\u0107 dotychczasowe dzia\u0142ania reklamowe (a mo\u017ce ich brak), lub zatrudni\u0107 agencj\u0119 reklamow\u0105 (generuje du\u017ce koszty), kt\u00f3ra ca\u0142ej sprawie przyjrzy si\u0119 z boku. Najlepszym rozwi\u0105zaniem jest zatrudnienie zewn\u0119trznego wsparcia marketingowego w postaci (g\u0142odnych projekt\u00f3w) freelancer\u00f3w. Jest to coraz bardziej popularne [&hellip;]<\/p>\n","protected":false},"author":1,"featured_media":0,"parent":0,"menu_order":0,"comment_status":"closed","ping_status":"closed","template":"templates\/page-builder-content.php","meta":{"footnotes":""},"_links":{"self":[{"href":"https:\/\/fif.pl\/index.php\/wp-json\/wp\/v2\/pages\/401"}],"collection":[{"href":"https:\/\/fif.pl\/index.php\/wp-json\/wp\/v2\/pages"}],"about":[{"href":"https:\/\/fif.pl\/index.php\/wp-json\/wp\/v2\/types\/page"}],"author":[{"embeddable":true,"href":"https:\/\/fif.pl\/index.php\/wp-json\/wp\/v2\/users\/1"}],"replies":[{"embeddable":true,"href":"https:\/\/fif.pl\/index.php\/wp-json\/wp\/v2\/comments?post=401"}],"version-history":[{"count":48,"href":"https:\/\/fif.pl\/index.php\/wp-json\/wp\/v2\/pages\/401\/revisions"}],"predecessor-version":[{"id":1324,"href":"https:\/\/fif.pl\/index.php\/wp-json\/wp\/v2\/pages\/401\/revisions\/1324"}],"wp:attachment":[{"href":"https:\/\/fif.pl\/index.php\/wp-json\/wp\/v2\/media?parent=401"}],"curies":[{"name":"wp","href":"https:\/\/api.w.org\/{rel}","templated":true}]}}